{"id":1091,"date":"2012-03-08T18:56:14","date_gmt":"2012-03-08T17:56:14","guid":{"rendered":"http:\/\/hound-dogs.net\/?page_id=1091"},"modified":"2012-03-08T18:56:14","modified_gmt":"2012-03-08T17:56:14","slug":"die-band","status":"publish","type":"page","link":"https:\/\/www.hound-dogs.net\/?page_id=1091","title":{"rendered":"Die Band"},"content":{"rendered":"<p>Dummy Page f\u00fcr Title anzeige. Inhalt = Statisch<\/p>\n","protected":false},"excerpt":{"rendered":"<p>Dummy Page f\u00fcr Title anzeige. Inhalt = Statisch<\/p>\n","protected":false},"author":1,"featured_media":0,"parent":0,"menu_order":0,"comment_status":"closed","ping_status":"open","template":"","meta":{"spay_email":""},"jetpack_sharing_enabled":true,"jetpack_shortlink":"https:\/\/wp.me\/P9to9M-hB","jetpack_likes_enabled":true,"jetpack-related-posts":[{"id":1093,"url":"https:\/\/www.hound-dogs.net\/?page_id=1093","url_meta":{"origin":1091,"position":0},"title":"Kontakt","date":"8. M\u00e4rz 2012","format":false,"excerpt":"Dummy Page f\u00fcr Title anzeige. Inhalt = Statisch","rel":"","context":"\u00c4hnlicher Beitrag","img":{"alt_text":"","src":"","width":0,"height":0},"classes":[]},{"id":1095,"url":"https:\/\/www.hound-dogs.net\/?page_id=1095","url_meta":{"origin":1091,"position":1},"title":"Impressum","date":"8. M\u00e4rz 2012","format":false,"excerpt":"Dummy Page f\u00fcr Title anzeige. Inhalt = Statisch","rel":"","context":"\u00c4hnlicher Beitrag","img":{"alt_text":"","src":"","width":0,"height":0},"classes":[]},{"id":7,"url":"https:\/\/www.hound-dogs.net\/?page_id=7","url_meta":{"origin":1091,"position":2},"title":"Termine","date":"27. November 2009","format":false,"excerpt":"F\u00fcr weitere Informationen auf Ort (Weiterleitung zur Detail-Seite) oder Veranstalter (Weiterleitung zur Veranstalter-Homepage) klicken! [gig-cal]","rel":"","context":"In &quot;News&quot;","img":{"alt_text":"","src":"","width":0,"height":0},"classes":[]}],"_links":{"self":[{"href":"https:\/\/www.hound-dogs.net\/index.php?rest_route=\/wp\/v2\/pages\/1091"}],"collection":[{"href":"https:\/\/www.hound-dogs.net\/index.php?rest_route=\/wp\/v2\/pages"}],"about":[{"href":"https:\/\/www.hound-dogs.net\/index.php?rest_route=\/wp\/v2\/types\/page"}],"author":[{"embeddable":true,"href":"https:\/\/www.hound-dogs.net\/index.php?rest_route=\/wp\/v2\/users\/1"}],"replies":[{"embeddable":true,"href":"https:\/\/www.hound-dogs.net\/index.php?rest_route=%2Fwp%2Fv2%2Fcomments&post=1091"}],"version-history":[{"count":1,"href":"https:\/\/www.hound-dogs.net\/index.php?rest_route=\/wp\/v2\/pages\/1091\/revisions"}],"predecessor-version":[{"id":1092,"href":"https:\/\/www.hound-dogs.net\/index.php?rest_route=\/wp\/v2\/pages\/1091\/revisions\/1092"}],"wp:attachment":[{"href":"https:\/\/www.hound-dogs.net\/index.php?rest_route=%2Fwp%2Fv2%2Fmedia&parent=1091"}],"curies":[{"name":"wp","href":"https:\/\/api.w.org\/{rel}","templated":true}]}}